{"id":11215,"date":"2023-05-08T05:56:40","date_gmt":"2023-05-08T03:56:40","guid":{"rendered":"http:\/\/escootparts.com\/product\/niu-compatibele-opladers-5a\/"},"modified":"2026-05-06T22:44:16","modified_gmt":"2026-05-06T20:44:16","slug":"niu-snelladers-instelbaar-opladen-snelheid-10a-max","status":"publish","type":"product","link":"https:\/\/escootparts.com\/nl\/product\/niu-snelladers-instelbaar-opladen-snelheid-10a-max\/","title":{"rendered":"NIU vervangende oplader &#8211; snellader voor NIU instelbare laadsnelheid (10, 15 &amp;20A)"},"content":{"rendered":"<p><strong>NIU vervangende oplader &#8211; snellader voor NIU instelbare laadsnelheid (10, 15 &amp;20A)<\/strong><\/p>\n<p>Om de laadtijd voor uw batterij te berekenen, neemt u de batterijamp\u00e8regrootte gedeeld door de amp\u00e8re van de lader. (batterij amp\u00e8re \/ lader amp\u00e8re). Zo neemt de 5A-lader voor de NIU N-Serie (29A) 29\/5 = 5,8 uur laden in beslag.<\/p>\n<p><strong>Functies:<\/strong><\/p>\n<ul>\n<li>De laadsnelheid is instelbaar met behulp van een knop<\/li>\n<li>Je hebt niet de hele tijd een oplader bij je scooter nodig, je kunt bijvoorbeeld een oplader op je werk laten liggen<\/li>\n<li>De stekker kan worden geproduceerd volgens de stekkervereisten van uw land (zelfs 110v)<\/li>\n<li>De oplader wordt geleverd met een ventilator om de oplader koel te houden en oververhitting te voorkomen<\/li>\n<li>De oplader maakt het mogelijk om tot 2,5x zo snel op te laden<\/li>\n<\/ul>\n<p>&nbsp;<\/p>\n<p><strong>Notitie:<\/strong><\/p>\n<p>Stuur ons na het afrekenen een foto van de batterij-informatie, welke stekker je nodig hebt en welk voltage.<\/p>\n<p>Het wordt aanbevolen om de laadsnelheid op een vergelijkbaar niveau van de oorspronkelijke laadsnelheid te houden.<\/p>\n<p>&nbsp;<\/p>\n<p class=\"responsive-video-wrap clr\"><iframe title=\"NIU Charging Speed Adjustable Chargers from EScootParts\" width=\"1200\" height=\"675\" data-src=\"https:\/\/www.youtube.com\/embed\/cLniFS_CdRE?start=11&#038;feature=oembed\" frameborder=\"0\" allow=\"accelerometer; autoplay; clipboard-write; encrypted-media; gyroscope; picture-in-picture; web-share\" allowfullscreen src=\"data:image\/svg+xml;base64,PHN2ZyB3aWR0aD0iMSIgaGVpZ2h0PSIxIiB4bWxucz0iaHR0cDovL3d3dy53My5vcmcvMjAwMC9zdmciPjwvc3ZnPg==\" class=\"lazyload\" data-load-mode=\"1\"><\/iframe><\/p>\n","protected":false},"excerpt":{"rendered":"<p>Levertijd: 2-3 weken<\/p>\n","protected":false},"featured_media":11607,"comment_status":"open","ping_status":"closed","template":"","meta":{"_monsterinsights_skip_tracking":false,"_monsterinsights_sitenote_active":false,"_monsterinsights_sitenote_note":"","_monsterinsights_sitenote_category":0,"ocean_post_layout":"","ocean_both_sidebars_style":"","ocean_both_sidebars_content_width":0,"ocean_both_sidebars_sidebars_width":0,"ocean_sidebar":"0","ocean_second_sidebar":"0","ocean_disable_margins":"enable","ocean_add_body_class":"","ocean_shortcode_before_top_bar":"","ocean_shortcode_after_top_bar":"","ocean_shortcode_before_header":"","ocean_shortcode_after_header":"","ocean_has_shortcode":"","ocean_shortcode_after_title":"","ocean_shortcode_before_footer_widgets":"","ocean_shortcode_after_footer_widgets":"","ocean_shortcode_before_footer_bottom":"","ocean_shortcode_after_footer_bottom":"","ocean_display_top_bar":"default","ocean_display_header":"default","ocean_header_style":"","ocean_center_header_left_menu":"0","ocean_custom_header_template":"0","ocean_custom_logo":0,"ocean_custom_retina_logo":0,"ocean_custom_logo_max_width":0,"ocean_custom_logo_tablet_max_width":0,"ocean_custom_logo_mobile_max_width":0,"ocean_custom_logo_max_height":0,"ocean_custom_logo_tablet_max_height":0,"ocean_custom_logo_mobile_max_height":0,"ocean_header_custom_menu":"0","ocean_menu_typo_font_family":"0","ocean_menu_typo_font_subset":"","ocean_menu_typo_font_size":0,"ocean_menu_typo_font_size_tablet":0,"ocean_menu_typo_font_size_mobile":0,"ocean_menu_typo_font_size_unit":"px","ocean_menu_typo_font_weight":"","ocean_menu_typo_font_weight_tablet":"","ocean_menu_typo_font_weight_mobile":"","ocean_menu_typo_transform":"","ocean_menu_typo_transform_tablet":"","ocean_menu_typo_transform_mobile":"","ocean_menu_typo_line_height":0,"ocean_menu_typo_line_height_tablet":0,"ocean_menu_typo_line_height_mobile":0,"ocean_menu_typo_line_height_unit":"","ocean_menu_typo_spacing":0,"ocean_menu_typo_spacing_tablet":0,"ocean_menu_typo_spacing_mobile":0,"ocean_menu_typo_spacing_unit":"","ocean_menu_link_color":"","ocean_menu_link_color_hover":"","ocean_menu_link_color_active":"","ocean_menu_link_background":"","ocean_menu_link_hover_background":"","ocean_menu_link_active_background":"","ocean_menu_social_links_bg":"","ocean_menu_social_hover_links_bg":"","ocean_menu_social_links_color":"","ocean_menu_social_hover_links_color":"","ocean_disable_title":"default","ocean_disable_heading":"default","ocean_post_title":"","ocean_post_subheading":"","ocean_post_title_style":"","ocean_post_title_background_color":"","ocean_post_title_background":0,"ocean_post_title_bg_image_position":"","ocean_post_title_bg_image_attachment":"","ocean_post_title_bg_image_repeat":"","ocean_post_title_bg_image_size":"","ocean_post_title_height":0,"ocean_post_title_bg_overlay":0.5,"ocean_post_title_bg_overlay_color":"","ocean_disable_breadcrumbs":"default","ocean_breadcrumbs_color":"","ocean_breadcrumbs_separator_color":"","ocean_breadcrumbs_links_color":"","ocean_breadcrumbs_links_hover_color":"","ocean_display_footer_widgets":"default","ocean_display_footer_bottom":"default","ocean_custom_footer_template":"0"},"product_brand":[275],"product_cat":[200,31,21,219,70],"product_tag":[236],"class_list":{"0":"post-11215","1":"product","2":"type-product","3":"status-publish","4":"has-post-thumbnail","6":"product_brand-niu","7":"product_cat-niu-accessoires-nl","8":"product_cat-niu-m-series-accessoires","9":"product_cat-niu-n-series-accessoires","10":"product_cat-niu-scooter-oplader","11":"product_cat-niu-u-series-accessoires","12":"product_tag-voorstelling","14":"entry","15":"has-media","17":"first","18":"instock","19":"shipping-taxable","20":"purchasable","21":"product-type-variable","22":"has-rating","23":"has-product-nav","24":"col","25":"span_1_of_3","26":"owp-content-center","27":"owp-thumbs-layout-horizontal","28":"owp-btn-very-big","29":"owp-tabs-layout-horizontal"},"aioseo_notices":[],"jetpack_sharing_enabled":true,"_links":{"self":[{"href":"https:\/\/escootparts.com\/nl\/wp-json\/wp\/v2\/product\/11215","targetHints":{"allow":["GET"]}}],"collection":[{"href":"https:\/\/escootparts.com\/nl\/wp-json\/wp\/v2\/product"}],"about":[{"href":"https:\/\/escootparts.com\/nl\/wp-json\/wp\/v2\/types\/product"}],"replies":[{"embeddable":true,"href":"https:\/\/escootparts.com\/nl\/wp-json\/wp\/v2\/comments?post=11215"}],"wp:featuredmedia":[{"embeddable":true,"href":"https:\/\/escootparts.com\/nl\/wp-json\/wp\/v2\/media\/11607"}],"wp:attachment":[{"href":"https:\/\/escootparts.com\/nl\/wp-json\/wp\/v2\/media?parent=11215"}],"wp:term":[{"taxonomy":"product_brand","embeddable":true,"href":"https:\/\/escootparts.com\/nl\/wp-json\/wp\/v2\/product_brand?post=11215"},{"taxonomy":"product_cat","embeddable":true,"href":"https:\/\/escootparts.com\/nl\/wp-json\/wp\/v2\/product_cat?post=11215"},{"taxonomy":"product_tag","embeddable":true,"href":"https:\/\/escootparts.com\/nl\/wp-json\/wp\/v2\/product_tag?post=11215"}],"curies":[{"name":"wp","href":"https:\/\/api.w.org\/{rel}","templated":true}]}}